{"id":206,"date":"2025-01-27T21:12:51","date_gmt":"2025-01-27T21:12:51","guid":{"rendered":"https:\/\/tecsoftandtelecom.com\/?page_id=206"},"modified":"2026-02-23T14:49:10","modified_gmt":"2026-02-23T20:49:10","slug":"about-us","status":"publish","type":"page","link":"https:\/\/tecsoftandtelecom.com\/?page_id=206","title":{"rendered":"About Us"},"content":{"rendered":"<div class=\"boldgrid-section\">\n<div class=\"container\">\n<div class=\"row\" style=\"padding-top: 42px;\">\n<div class=\"col-md-6 col-xs-12 col-sm-12 col-lg-6\">\n<h1 class=\"\" style=\"text-align: center;\"><strong>Ayudamos a su empresa a alcanzar el \u00e9xito.<\/strong><\/h1>\n<h4 class=\"\">Encaminamos a tu empresa hacia la grandeza.<\/h4>\n<div class=\"row\">\n<div class=\"col-md-12 col-xs-12 col-sm-12 col-lg-12\">\n<div class=\"row bg-editor-hr-wrap\">\n<div class=\"col-md-12 col-xs-12 col-sm-12 col-lg-12\">\n<hr>\n<\/div>\n<\/div>\n<\/div>\n<\/div>\n<p class=\"\">En Tecsoft &amp; Telecom, nuestro objetivo es ayudar a que su empresa triunfe. Ya sea que necesite ayuda con la planificaci\u00f3n empresarial, soporte t\u00e9cnico o necesite cambiar su estrategia para tomar medidas de mayor nivel, tenemos los programas y servicios que necesita para que su empresa triunfe.<\/p>\n<p class=\"\">Contamos con m\u00e1s de 20 a\u00f1os de experiencia ayudando empresas a alcanzar el \u00e9xito en sus proyectos. Nuestro objetivo es encontrar \u00e1reas en las que su empresa pueda ser m\u00e1s productiva y exitosa y luego ayudarlo a desarrollar el camino para lograrlo.<\/p>\n<\/div>\n<div class=\"col-md-6 col-xs-12 col-sm-12 col-lg-6\">\n<p class=\"mod-img\"><img loading=\"lazy\" decoding=\"async\" class=\"aligncenter size-full wp-image-213\" src=\"https:\/\/tecsoftandtelecom.com\/wp-content\/uploads\/2025\/01\/aHR0cHM6Ly9zb3VyY2UudW5zcGxhc2guY29tL3ppd3VxTVpOUnZzLzYwMHg0NTA_3D-imhwpb-ppp2ygjccmcas83.jpg\" alt=\"\" width=\"600\" height=\"450\" data-imhwpb-asset-id=\"780426\" srcset=\"https:\/\/tecsoftandtelecom.com\/wp-content\/uploads\/2025\/01\/aHR0cHM6Ly9zb3VyY2UudW5zcGxhc2guY29tL3ppd3VxTVpOUnZzLzYwMHg0NTA_3D-imhwpb-ppp2ygjccmcas83.jpg 600w, https:\/\/tecsoftandtelecom.com\/wp-content\/uploads\/2025\/01\/aHR0cHM6Ly9zb3VyY2UudW5zcGxhc2guY29tL3ppd3VxTVpOUnZzLzYwMHg0NTA_3D-imhwpb-ppp2ygjccmcas83-300x225.jpg 300w, https:\/\/tecsoftandtelecom.com\/wp-content\/uploads\/2025\/01\/aHR0cHM6Ly9zb3VyY2UudW5zcGxhc2guY29tL3ppd3VxTVpOUnZzLzYwMHg0NTA_3D-imhwpb-ppp2ygjccmcas83-250x188.jpg 250w, https:\/\/tecsoftandtelecom.com\/wp-content\/uploads\/2025\/01\/aHR0cHM6Ly9zb3VyY2UudW5zcGxhc2guY29tL3ppd3VxTVpOUnZzLzYwMHg0NTA_3D-imhwpb-ppp2ygjccmcas83-550x413.jpg 550w, https:\/\/tecsoftandtelecom.com\/wp-content\/uploads\/2025\/01\/aHR0cHM6Ly9zb3VyY2UudW5zcGxhc2guY29tL3ppd3VxTVpOUnZzLzYwMHg0NTA_3D-imhwpb-ppp2ygjccmcas83-240x180.jpg 240w, https:\/\/tecsoftandtelecom.com\/wp-content\/uploads\/2025\/01\/aHR0cHM6Ly9zb3VyY2UudW5zcGxhc2guY29tL3ppd3VxTVpOUnZzLzYwMHg0NTA_3D-imhwpb-ppp2ygjccmcas83-400x300.jpg 400w\" sizes=\"auto, (max-width: 600px) 100vw, 600px\" \/><\/p>\n<\/div>\n<\/div>\n<\/div>\n<\/div>\n<div class=\"boldgrid-section\">\n<div class=\"container\">\n<div class=\"row\">\n<div class=\"col-md-12 col-xs-12 col-sm-12 col-lg-12\"><\/div>\n<\/div>\n<\/div>\n<\/div>\n<div class=\"boldgrid-section\">\n<div class=\"container\">\n<div class=\"row\">\n<div class=\"col-md-12 col-xs-12 col-sm-12 col-lg-12\"><\/div>\n<\/div>\n<\/div>\n<\/div>\n<div class=\"boldgrid-section\">\n<div class=\"container\">\n<div class=\"row\">\n<div class=\"col-md-12 col-xs-12 col-sm-12 col-lg-12\"><\/div>\n<\/div>\n<\/div>\n<\/div>\n<div class=\"boldgrid-section\">\n<div class=\"container\">\n<div class=\"row\" style=\"padding-top: 0px;\">\n<div class=\"col-md-12 col-xs-12 col-sm-12 col-lg-12\"><\/div>\n<\/div>\n<\/div>\n<\/div>\n<div class=\"boldgrid-section\">\n<div class=\"container\">\n<div class=\"row\" style=\"padding-top: 12px;\">\n<div class=\"col-md-4 col-xs-12 col-sm-12 col-lg-4\">\n<p class=\"mod-img\"><img loading=\"lazy\" decoding=\"async\" class=\"wp-image-299 aligncenter\" src=\"https:\/\/tecsoftandtelecom.com\/wp-content\/uploads\/2026\/02\/cableadoestructurado-300x220.jpg\" alt=\"\" width=\"313\" height=\"230\" data-imhwpb-built-photo-search=\"14|landscape\" srcset=\"https:\/\/tecsoftandtelecom.com\/wp-content\/uploads\/2026\/02\/cableadoestructurado-300x220.jpg 300w, https:\/\/tecsoftandtelecom.com\/wp-content\/uploads\/2026\/02\/cableadoestructurado-1024x753.jpg 1024w, https:\/\/tecsoftandtelecom.com\/wp-content\/uploads\/2026\/02\/cableadoestructurado-768x564.jpg 768w, https:\/\/tecsoftandtelecom.com\/wp-content\/uploads\/2026\/02\/cableadoestructurado-250x184.jpg 250w, https:\/\/tecsoftandtelecom.com\/wp-content\/uploads\/2026\/02\/cableadoestructurado-550x404.jpg 550w, https:\/\/tecsoftandtelecom.com\/wp-content\/uploads\/2026\/02\/cableadoestructurado-800x588.jpg 800w, https:\/\/tecsoftandtelecom.com\/wp-content\/uploads\/2026\/02\/cableadoestructurado-245x180.jpg 245w, https:\/\/tecsoftandtelecom.com\/wp-content\/uploads\/2026\/02\/cableadoestructurado-408x300.jpg 408w, https:\/\/tecsoftandtelecom.com\/wp-content\/uploads\/2026\/02\/cableadoestructurado-680x500.jpg 680w, https:\/\/tecsoftandtelecom.com\/wp-content\/uploads\/2026\/02\/cableadoestructurado-600x441.jpg 600w, https:\/\/tecsoftandtelecom.com\/wp-content\/uploads\/2026\/02\/cableadoestructurado.jpg 1060w\" sizes=\"auto, (max-width: 313px) 100vw, 313px\" \/><\/p>\n<div class=\"row\">\n<div class=\"col-md-12 col-xs-12 col-sm-12 col-lg-12\">\n<div class=\"row bg-editor-hr-wrap\">\n<div class=\"col-md-12 col-xs-12 col-sm-12 col-lg-12\">\n<hr>\n<\/div>\n<\/div>\n<\/div>\n<\/div>\n<h3 class=\"\">Servicios profesionales<\/h3>\n<p class=\"\"><span class=\"HwtZe\" lang=\"es\"><span class=\"jCAhz ChMk0b\"><span class=\"ryNqvb\">Ofrecemos una variedad de servicios profesionales que te ayudan a alcanzar tus objetivos empresariales.<\/span><\/span> <span class=\"jCAhz ChMk0b\"><span class=\"ryNqvb\">\u00bfNecesitas ayuda para elaborar un plan de tecnolog\u00eda integral y obtener resultados?<\/span><\/span> <span class=\"jCAhz ChMk0b\"><span class=\"ryNqvb\">\u00bfQu\u00e9 te parece un acompa\u00f1amiento personalizado para impulsar tus objetivos?<\/span><\/span> <span class=\"jCAhz ChMk0b\"><span class=\"ryNqvb\">Lo tenemos.<\/span><\/span><\/span><\/p>\n<\/div>\n<div class=\"col-md-4 col-xs-12 col-sm-12 col-lg-4\">\n<p class=\"mod-img\"><img loading=\"lazy\" decoding=\"async\" class=\"wp-image-300  alignnone\" src=\"https:\/\/tecsoftandtelecom.com\/wp-content\/uploads\/2026\/02\/dinamismoit-300x205.webp\" alt=\"\" width=\"338\" height=\"231\" data-imhwpb-built-photo-search=\"14|landscape\" srcset=\"https:\/\/tecsoftandtelecom.com\/wp-content\/uploads\/2026\/02\/dinamismoit-300x205.webp 300w, https:\/\/tecsoftandtelecom.com\/wp-content\/uploads\/2026\/02\/dinamismoit-1024x700.webp 1024w, https:\/\/tecsoftandtelecom.com\/wp-content\/uploads\/2026\/02\/dinamismoit-768x525.webp 768w, https:\/\/tecsoftandtelecom.com\/wp-content\/uploads\/2026\/02\/dinamismoit-250x171.webp 250w, https:\/\/tecsoftandtelecom.com\/wp-content\/uploads\/2026\/02\/dinamismoit-550x376.webp 550w, https:\/\/tecsoftandtelecom.com\/wp-content\/uploads\/2026\/02\/dinamismoit-800x547.webp 800w, https:\/\/tecsoftandtelecom.com\/wp-content\/uploads\/2026\/02\/dinamismoit-263x180.webp 263w, https:\/\/tecsoftandtelecom.com\/wp-content\/uploads\/2026\/02\/dinamismoit-439x300.webp 439w, https:\/\/tecsoftandtelecom.com\/wp-content\/uploads\/2026\/02\/dinamismoit-731x500.webp 731w, https:\/\/tecsoftandtelecom.com\/wp-content\/uploads\/2026\/02\/dinamismoit-600x410.webp 600w, https:\/\/tecsoftandtelecom.com\/wp-content\/uploads\/2026\/02\/dinamismoit.webp 1280w\" sizes=\"auto, (max-width: 338px) 100vw, 338px\" \/><\/p>\n<div class=\"row\">\n<div class=\"col-md-12 col-xs-12 col-sm-12 col-lg-12\">\n<div class=\"row bg-editor-hr-wrap\">\n<div class=\"col-md-12 col-xs-12 col-sm-12 col-lg-12\">\n<hr>\n<\/div>\n<\/div>\n<\/div>\n<\/div>\n<h3 class=\"\">Programas integrales<\/h3>\n<p class=\"\">Nuestro dinamismo cubre empresas de diversas etapas y tama\u00f1os. Ya sea que est\u00e9s empezando, tengas demasiadas responsabilidades como propietario de una PYME, necesites una gu\u00eda tecnol\u00f3gica&nbsp; o necesites consejos de mejora de procesos que se ajusten a tu operaci\u00f3n, nuestros servicios son perfectos para ti.<\/p>\n<\/div>\n<div class=\"col-md-4 col-xs-12 col-sm-12 col-lg-4\">\n<p class=\"mod-img\"><img loading=\"lazy\" decoding=\"async\" class=\"wp-image-301 aligncenter\" src=\"https:\/\/tecsoftandtelecom.com\/wp-content\/uploads\/2026\/02\/crecimientiit-300x179.jpg\" alt=\"\" width=\"365\" height=\"218\" data-imhwpb-built-photo-search=\"14|landscape\" srcset=\"https:\/\/tecsoftandtelecom.com\/wp-content\/uploads\/2026\/02\/crecimientiit-300x179.jpg 300w, https:\/\/tecsoftandtelecom.com\/wp-content\/uploads\/2026\/02\/crecimientiit-250x149.jpg 250w, https:\/\/tecsoftandtelecom.com\/wp-content\/uploads\/2026\/02\/crecimientiit-550x327.jpg 550w, https:\/\/tecsoftandtelecom.com\/wp-content\/uploads\/2026\/02\/crecimientiit-303x180.jpg 303w, https:\/\/tecsoftandtelecom.com\/wp-content\/uploads\/2026\/02\/crecimientiit-504x300.jpg 504w, https:\/\/tecsoftandtelecom.com\/wp-content\/uploads\/2026\/02\/crecimientiit.jpg 600w\" sizes=\"auto, (max-width: 365px) 100vw, 365px\" \/><\/p>\n<div class=\"row\">\n<div class=\"col-md-12 col-xs-12 col-sm-12 col-lg-12\">\n<div>\n<div class=\"row bg-editor-hr-wrap\">\n<div class=\"col-md-12 col-xs-12 col-sm-12 col-lg-12\">\n<div>\n<hr>\n<\/div>\n<\/div>\n<\/div>\n<\/div>\n<\/div>\n<\/div>\n<h3 class=\"\">Resultados<\/h3>\n<p class=\"\">\u00bfD\u00f3nde logramos el m\u00e1ximo rendimiento? En los resultados de nuestros clientes. Hemos trabajado con diversos tipos de empresas&nbsp; gasolineras, corporativos, hospitales, restaurantes, comedores industriales entre otros. Juntos podremos alcanzar sus objetivos, nuestro principal objetivo es ayudar a nuestros clientes a crecer.<\/p>\n<\/div>\n<\/div>\n<\/div>\n<\/div>\n","protected":false},"excerpt":{"rendered":"<p>Ayudamos a su empresa a alcanzar el \u00e9xito. Encaminamos a tu empresa hacia la grandeza. En Tecsoft &amp; Telecom, nuestro objetivo es ayudar a que su empresa triunfe. Ya sea<\/p>\n<div class=\"read-more\"><a class=\"btn button-secondary\" href=\"https:\/\/tecsoftandtelecom.com\/?page_id=206\">Read More<\/a><\/div>\n","protected":false},"author":1,"featured_media":0,"parent":0,"menu_order":0,"comment_status":"closed","ping_status":"closed","template":"","meta":{"bgseo_title":"","bgseo_description":"","bgseo_robots_index":"index","bgseo_robots_follow":"follow","crio-premium-page-header-override":null,"crio-premium-page-header-select":"none","crio-premium-page-header-featured-image-background":"0","crio-premium-page-header-background":"","footnotes":""},"class_list":["post-206","page","type-page","status-publish"],"_links":{"self":[{"href":"https:\/\/tecsoftandtelecom.com\/index.php?rest_route=\/wp\/v2\/pages\/206","targetHints":{"allow":["GET"]}}],"collection":[{"href":"https:\/\/tecsoftandtelecom.com\/index.php?rest_route=\/wp\/v2\/pages"}],"about":[{"href":"https:\/\/tecsoftandtelecom.com\/index.php?rest_route=\/wp\/v2\/types\/page"}],"author":[{"embeddable":true,"href":"https:\/\/tecsoftandtelecom.com\/index.php?rest_route=\/wp\/v2\/users\/1"}],"replies":[{"embeddable":true,"href":"https:\/\/tecsoftandtelecom.com\/index.php?rest_route=%2Fwp%2Fv2%2Fcomments&post=206"}],"version-history":[{"count":6,"href":"https:\/\/tecsoftandtelecom.com\/index.php?rest_route=\/wp\/v2\/pages\/206\/revisions"}],"predecessor-version":[{"id":303,"href":"https:\/\/tecsoftandtelecom.com\/index.php?rest_route=\/wp\/v2\/pages\/206\/revisions\/303"}],"wp:attachment":[{"href":"https:\/\/tecsoftandtelecom.com\/index.php?rest_route=%2Fwp%2Fv2%2Fmedia&parent=206"}],"curies":[{"name":"wp","href":"https:\/\/api.w.org\/{rel}","templated":true}]}}